{"id":1206,"date":"2021-05-13T14:31:06","date_gmt":"2021-05-13T21:31:06","guid":{"rendered":"https:\/\/maventransport.com\/ressources\/"},"modified":"2023-08-21T15:50:42","modified_gmt":"2023-08-21T22:50:42","slug":"ressources","status":"publish","type":"page","link":"https:\/\/maventransport.com\/fr\/ressources\/","title":{"rendered":"Ressources"},"content":{"rendered":"\t\t<div data-elementor-type=\"wp-page\" data-elementor-id=\"1206\" class=\"elementor elementor-1206 elementor-31\" data-elementor-post-type=\"page\">\n\t\t\t\t\t\t\t\t\t<section class=\"elementor-section elementor-top-section elementor-element elementor-element-90e5ff0 elementor-section-boxed elementor-section-height-default elementor-section-height-default\" data-id=\"90e5ff0\" data-element_type=\"section\">\n\t\t\t\t\t\t<div class=\"elementor-container elementor-column-gap-default\">\n\t\t\t\t\t<div class=\"elementor-column elementor-col-100 elementor-top-column elementor-element elementor-element-5158d40\" data-id=\"5158d40\" data-element_type=\"column\">\n\t\t\t<div class=\"elementor-widget-wrap elementor-element-populated\">\n\t\t\t\t\t\t\t\t<div class=\"elementor-element elementor-element-f5ce526 elementor-widget elementor-widget-heading\" data-id=\"f5ce526\" data-element_type=\"widget\" data-widget_type=\"heading.default\">\n\t\t\t\t<div class=\"elementor-widget-container\">\n\t\t\t<h2 class=\"elementor-heading-title elementor-size-default\">Formulaires<\/h2>\t\t<\/div>\n\t\t\t\t<\/div>\n\t\t\t\t\t<\/div>\n\t\t<\/div>\n\t\t\t\t\t\t\t<\/div>\n\t\t<\/section>\n\t\t\t\t<section class=\"elementor-section elementor-top-section elementor-element elementor-element-015a2b4 elementor-section-boxed elementor-section-height-default elementor-section-height-default\" data-id=\"015a2b4\" data-element_type=\"section\">\n\t\t\t\t\t\t<div class=\"elementor-container elementor-column-gap-default\">\n\t\t\t\t\t<div class=\"elementor-column elementor-col-33 elementor-top-column elementor-element elementor-element-ac11fab\" data-id=\"ac11fab\" data-element_type=\"column\">\n\t\t\t<div class=\"elementor-widget-wrap elementor-element-populated\">\n\t\t\t\t\t\t\t\t<div class=\"elementor-element elementor-element-21021da elementor-widget elementor-widget-image\" data-id=\"21021da\" data-element_type=\"widget\" data-widget_type=\"image.default\">\n\t\t\t\t<div class=\"elementor-widget-container\">\n\t\t\t\t\t\t\t\t\t\t\t\t\t\t\t\t<a href=\"https:\/\/maventransport.com\/wp-content\/uploads\/2021\/05\/BillofLadingBOL.xlsx\">\n\t\t\t\t\t\t\t<img loading=\"lazy\" decoding=\"async\" width=\"118\" height=\"155\" src=\"https:\/\/maventransport.com\/wp-content\/uploads\/2021\/05\/icon-form.png\" class=\"attachment-full size-full wp-image-575\" alt=\"Form Icon\" \/>\t\t\t\t\t\t\t\t<\/a>\n\t\t\t\t\t\t\t\t\t\t\t\t\t\t\t<\/div>\n\t\t\t\t<\/div>\n\t\t\t\t<div class=\"elementor-element elementor-element-3824281 elementor-widget elementor-widget-heading\" data-id=\"3824281\" data-element_type=\"widget\" data-widget_type=\"heading.default\">\n\t\t\t\t<div class=\"elementor-widget-container\">\n\t\t\t<h2 class=\"elementor-heading-title elementor-size-default\"><a href=\"https:\/\/maventransport.com\/wp-content\/uploads\/2021\/05\/BillofLadingBOL.xlsx\">Connaissement (BOL)<\/a><\/h2>\t\t<\/div>\n\t\t\t\t<\/div>\n\t\t\t\t\t<\/div>\n\t\t<\/div>\n\t\t\t\t<div class=\"elementor-column elementor-col-33 elementor-top-column elementor-element elementor-element-714563b\" data-id=\"714563b\" data-element_type=\"column\">\n\t\t\t<div class=\"elementor-widget-wrap elementor-element-populated\">\n\t\t\t\t\t\t\t\t<div class=\"elementor-element elementor-element-d6fed4b elementor-widget elementor-widget-image\" data-id=\"d6fed4b\" data-element_type=\"widget\" data-widget_type=\"image.default\">\n\t\t\t\t<div class=\"elementor-widget-container\">\n\t\t\t\t\t\t\t\t\t\t\t\t\t\t\t\t<a href=\"https:\/\/maventransport.com\/wp-content\/uploads\/2021\/05\/CanadaCustomsInvoice.pdf\">\n\t\t\t\t\t\t\t<img loading=\"lazy\" decoding=\"async\" width=\"118\" height=\"155\" src=\"https:\/\/maventransport.com\/wp-content\/uploads\/2021\/05\/icon-form.png\" class=\"attachment-full size-full wp-image-575\" alt=\"Form Icon\" \/>\t\t\t\t\t\t\t\t<\/a>\n\t\t\t\t\t\t\t\t\t\t\t\t\t\t\t<\/div>\n\t\t\t\t<\/div>\n\t\t\t\t<div class=\"elementor-element elementor-element-1095247 elementor-widget elementor-widget-heading\" data-id=\"1095247\" data-element_type=\"widget\" data-widget_type=\"heading.default\">\n\t\t\t\t<div class=\"elementor-widget-container\">\n\t\t\t<h2 class=\"elementor-heading-title elementor-size-default\"><a href=\"https:\/\/maventransport.com\/wp-content\/uploads\/2021\/05\/CanadaCustomsInvoice.pdf\">Facture des douanes canadiennes<\/a><\/h2>\t\t<\/div>\n\t\t\t\t<\/div>\n\t\t\t\t\t<\/div>\n\t\t<\/div>\n\t\t\t\t<div class=\"elementor-column elementor-col-33 elementor-top-column elementor-element elementor-element-54e9691\" data-id=\"54e9691\" data-element_type=\"column\">\n\t\t\t<div class=\"elementor-widget-wrap elementor-element-populated\">\n\t\t\t\t\t\t\t\t<div class=\"elementor-element elementor-element-1a63574 elementor-widget elementor-widget-image\" data-id=\"1a63574\" data-element_type=\"widget\" data-widget_type=\"image.default\">\n\t\t\t\t<div class=\"elementor-widget-container\">\n\t\t\t\t\t\t\t\t\t\t\t\t\t\t\t\t<a href=\"https:\/\/maventransport.com\/wp-content\/uploads\/2021\/05\/MavenTransportLtdProfile.pdf\">\n\t\t\t\t\t\t\t<img loading=\"lazy\" decoding=\"async\" width=\"118\" height=\"155\" src=\"https:\/\/maventransport.com\/wp-content\/uploads\/2021\/05\/icon-form.png\" class=\"attachment-full size-full wp-image-575\" alt=\"Form Icon\" \/>\t\t\t\t\t\t\t\t<\/a>\n\t\t\t\t\t\t\t\t\t\t\t\t\t\t\t<\/div>\n\t\t\t\t<\/div>\n\t\t\t\t<div class=\"elementor-element elementor-element-6eff303 elementor-widget elementor-widget-heading\" data-id=\"6eff303\" data-element_type=\"widget\" data-widget_type=\"heading.default\">\n\t\t\t\t<div class=\"elementor-widget-container\">\n\t\t\t<h2 class=\"elementor-heading-title elementor-size-default\"><a href=\"https:\/\/maventransport.com\/wp-content\/uploads\/2021\/05\/MavenTransportLtdProfile.pdf\">Maven transport Ltd. Profil<\/a><\/h2>\t\t<\/div>\n\t\t\t\t<\/div>\n\t\t\t\t\t<\/div>\n\t\t<\/div>\n\t\t\t\t\t\t\t<\/div>\n\t\t<\/section>\n\t\t\t\t<section class=\"elementor-section elementor-top-section elementor-element elementor-element-e548459 elementor-section-boxed elementor-section-height-default elementor-section-height-default\" data-id=\"e548459\" data-element_type=\"section\">\n\t\t\t\t\t\t<div class=\"elementor-container elementor-column-gap-default\">\n\t\t\t\t\t<div class=\"elementor-column elementor-col-100 elementor-top-column elementor-element elementor-element-68d47be\" data-id=\"68d47be\" data-element_type=\"column\">\n\t\t\t<div class=\"elementor-widget-wrap elementor-element-populated\">\n\t\t\t\t\t\t\t\t<div class=\"elementor-element elementor-element-e8e323d elementor-widget-divider--view-line elementor-widget elementor-widget-global elementor-global-1262 elementor-global-517 elementor-widget-divider\" data-id=\"e8e323d\" data-element_type=\"widget\" data-widget_type=\"divider.default\">\n\t\t\t\t<div class=\"elementor-widget-container\">\n\t\t\t\t\t<div class=\"elementor-divider\">\n\t\t\t<span class=\"elementor-divider-separator\">\n\t\t\t\t\t\t<\/span>\n\t\t<\/div>\n\t\t\t\t<\/div>\n\t\t\t\t<\/div>\n\t\t\t\t<div class=\"elementor-element elementor-element-eab3b6c elementor-widget elementor-widget-heading\" data-id=\"eab3b6c\" data-element_type=\"widget\" data-widget_type=\"heading.default\">\n\t\t\t\t<div class=\"elementor-widget-container\">\n\t\t\t<h2 class=\"elementor-heading-title elementor-size-default\">Liens utiles<\/h2>\t\t<\/div>\n\t\t\t\t<\/div>\n\t\t\t\t<div class=\"elementor-element elementor-element-f28bb18 elementor-widget elementor-widget-text-editor\" data-id=\"f28bb18\" data-element_type=\"widget\" data-widget_type=\"text-editor.default\">\n\t\t\t\t<div class=\"elementor-widget-container\">\n\t\t\t\t\t\t\t<p>Parfois, l&rsquo;acheminement d&rsquo;un envoi \u00e0 sa destination finale dans les d\u00e9lais impartis n\u00e9cessite une information en temps utile. Ces liens nous donnent un aper\u00e7u utile de ce qui se passe sur les routes d&rsquo;Am\u00e9rique du Nord. N&rsquo;h\u00e9sitez pas \u00e0 y jeter un coup d&rsquo;\u0153il pour avoir l&rsquo;esprit tranquille.<\/p>\n\t\t\t\t\t\t<\/div>\n\t\t\t\t<\/div>\n\t\t\t\t<div class=\"elementor-element elementor-element-f09ec5a elementor-widget elementor-widget-text-editor\" data-id=\"f09ec5a\" data-element_type=\"widget\" data-widget_type=\"text-editor.default\">\n\t\t\t\t<div class=\"elementor-widget-container\">\n\t\t\t\t\t\t\t<p><a href=\"http:\/\/images.drivebc.ca\/bchighwaycam\/pub\/html\/www\/index-Northern.html\" target=\"_blank\" rel=\"noopener\"><strong>Drive BC<\/strong><\/a> &#8211; Cam\u00e9ras routi\u00e8res pour plusieurs autoroutes de la Colombie-Britannique.<\/p>\n<p><a href=\"http:\/\/www.highwayconditions.com\/\" target=\"_blank\" rel=\"noopener\"><br \/>\n  <strong>\u00c9tat des routes<\/strong><br \/>\n<\/a> &#8211; Liens vers les provinces canadiennes et les \u00c9tats am\u00e9ricains.<\/p>\n<p><a href=\"http:\/\/www.petrotruckstops.com\/location_search.sstg\" target=\"_blank\" rel=\"noopener\"><br \/>\n  <strong>Arr\u00eats de camions Petro<\/strong><br \/>\n<\/a> &#8211; Recherche d&#8217;emplacement.<\/p>\n<p><a href=\"http:\/\/www.pilotflyingj.com\/fuel-prices\" target=\"_blank\" rel=\"noopener\"><br \/>\n  <strong>Pilot\/Flying J (pilotflyingj.com)<\/strong><br \/>\n<\/a> &#8211; Recherche de prix du carburant et de localisation.<\/p>\n<p><a href=\"http:\/\/www.theweathernetwork.com\/maps\/us-highway-forecast\/?intcmp=twn_topnav_maps_uswhwyfx?intcmp=twn_topnav_maps_uswhwyfx\" target=\"_blank\" rel=\"noopener\"><br \/>\n  <strong>Le r\u00e9seau m\u00e9t\u00e9o<\/strong><br \/>\n<\/a> &#8211; Pr\u00e9visions routi\u00e8res \u00e0 court et \u00e0 long terme, faciles \u00e0 suivre, par autoroute inter-\u00e9tats.<\/p>\n<p><a href=\"http:\/\/www.tatravelcenters.com\/find-a-location\" target=\"_blank\" rel=\"noopener\"><br \/>\n  <strong>Centres de voyage d&rsquo;Am\u00e9rique (TA)<\/strong><br \/>\n<\/a> &#8211; Recherche de lieux.<\/p>\n<p><a href=\"https:\/\/tripcheck.com\/Pages\/RCMap.asp?curRegion=0\" target=\"_blank\" rel=\"noopener\"><br \/>\n  <strong>Trip Check (tripcheck.com)<\/strong><br \/>\n<\/a> &#8211; Cam\u00e9ras routi\u00e8res de l&rsquo;Oregon et de la Californie du Nord.<\/p>\n<p><a href=\"http:\/\/www.wsdot.com\/traffic\/\" target=\"_blank\" rel=\"noopener\"><strong>\u00c9tat de Washington<\/strong><\/a> &#8211; Cam\u00e9ras routi\u00e8res et cartes des autoroutes inter-\u00c9tats et des cols de montagne.<\/p>\n<p><a href=\"http:\/\/www.truckdown.com\/\" target=\"_blank\" rel=\"noopener\"><strong>Truck Down (truckdown.com)<\/strong><\/a> &#8211; R\u00e9pertoire des services de r\u00e9paration de camions et de remorques, de remorquage et de pneus au Canada et aux \u00c9tats-Unis.<\/p>\n\t\t\t\t\t\t<\/div>\n\t\t\t\t<\/div>\n\t\t\t\t\t<\/div>\n\t\t<\/div>\n\t\t\t\t\t\t\t<\/div>\n\t\t<\/section>\n\t\t\t\t<section class=\"elementor-section elementor-top-section elementor-element elementor-element-80e1db6 elementor-section-height-min-height elementor-section-stretched elementor-section-boxed elementor-section-height-default elementor-section-items-middle\" data-id=\"80e1db6\" data-element_type=\"section\" data-settings=\"{&quot;stretch_section&quot;:&quot;section-stretched&quot;,&quot;background_background&quot;:&quot;classic&quot;}\">\n\t\t\t\t\t\t\t<div class=\"elementor-background-overlay\"><\/div>\n\t\t\t\t\t\t\t<div class=\"elementor-container elementor-column-gap-default\">\n\t\t\t\t\t<div class=\"elementor-column elementor-col-100 elementor-top-column elementor-element elementor-element-1aca60c\" data-id=\"1aca60c\" data-element_type=\"column\">\n\t\t\t<div class=\"elementor-widget-wrap elementor-element-populated\">\n\t\t\t\t\t\t\t\t<div class=\"elementor-element elementor-element-9916820 elementor-widget elementor-widget-heading\" data-id=\"9916820\" data-element_type=\"widget\" data-widget_type=\"heading.default\">\n\t\t\t\t<div class=\"elementor-widget-container\">\n\t\t\t<h2 class=\"elementor-heading-title elementor-size-default\">Vous n'avez pas trouv\u00e9 ce que vous cherchiez ?<\/h2>\t\t<\/div>\n\t\t\t\t<\/div>\n\t\t\t\t<div class=\"elementor-element elementor-element-f9e3a03 elementor-align-center elementor-widget elementor-widget-global elementor-global-1254 elementor-global-592 elementor-widget-button\" data-id=\"f9e3a03\" data-element_type=\"widget\" data-widget_type=\"button.default\">\n\t\t\t\t<div class=\"elementor-widget-container\">\n\t\t\t\t\t<div class=\"elementor-button-wrapper\">\n\t\t\t<a class=\"elementor-button elementor-button-link elementor-size-md elementor-animation-grow\" href=\"https:\/\/maventransport.com\/fr\/?page_id=1196\">\n\t\t\t\t\t\t<span class=\"elementor-button-content-wrapper\">\n\t\t\t\t\t\t<span class=\"elementor-button-text\">Nous contacter<\/span>\n\t\t<\/span>\n\t\t\t\t\t<\/a>\n\t\t<\/div>\n\t\t\t\t<\/div>\n\t\t\t\t<\/div>\n\t\t\t\t\t<\/div>\n\t\t<\/div>\n\t\t\t\t\t\t\t<\/div>\n\t\t<\/section>\n\t\t\t\t\t\t\t<\/div>\n\t\t","protected":false},"excerpt":{"rendered":"<p>Formulaires Connaissement (BOL) Facture des douanes canadiennes Maven transport Ltd. Profil Liens utiles Parfois, l&rsquo;acheminement d&rsquo;un envoi \u00e0 sa destination finale dans les d\u00e9lais impartis n\u00e9cessite une information en temps utile. Ces liens nous donnent un aper\u00e7u utile de ce qui se passe sur les routes d&rsquo;Am\u00e9rique du Nord. N&rsquo;h\u00e9sitez pas \u00e0 y jeter un [&hellip;]<\/p>\n","protected":false},"author":1,"featured_media":0,"parent":0,"menu_order":0,"comment_status":"closed","ping_status":"closed","template":"","meta":{"footnotes":""},"class_list":["post-1206","page","type-page","status-publish","hentry"],"acf":[],"yoast_head":"<!-- This site is optimized with the Yoast SEO plugin v21.2 - https:\/\/yoast.com\/wordpress\/plugins\/seo\/ -->\n<title>Ressources - Maven Transport Ltd.<\/title>\n<meta name=\"description\" content=\"T\u00e9l\u00e9chargez des formulaires importants et obtenez des liens utiles pour comprendre ce qui se passe sur nos routes \u00e0 travers l&#039;Am\u00e9rique du Nord.\" \/>\n<meta name=\"robots\" content=\"index, follow, max-snippet:-1, max-image-preview:large, max-video-preview:-1\" \/>\n<link rel=\"canonical\" href=\"https:\/\/maventransport.com\/fr\/ressources\/\" \/>\n<meta property=\"og:locale\" content=\"fr_FR\" \/>\n<meta property=\"og:type\" content=\"article\" \/>\n<meta property=\"og:title\" content=\"Ressources - Maven Transport Ltd.\" \/>\n<meta property=\"og:description\" content=\"T\u00e9l\u00e9chargez des formulaires importants et obtenez des liens utiles pour comprendre ce qui se passe sur nos routes \u00e0 travers l&#039;Am\u00e9rique du Nord.\" \/>\n<meta property=\"og:url\" content=\"https:\/\/maventransport.com\/fr\/ressources\/\" \/>\n<meta property=\"og:site_name\" content=\"Maven Transport Ltd.\" \/>\n<meta property=\"article:modified_time\" content=\"2023-08-21T22:50:42+00:00\" \/>\n<meta property=\"og:image\" content=\"https:\/\/maventransport.com\/wp-content\/uploads\/2021\/05\/icon-form.png\" \/>\n<meta name=\"twitter:card\" content=\"summary_large_image\" \/>\n<meta name=\"twitter:label1\" content=\"Dur\u00e9e de lecture estim\u00e9e\" \/>\n\t<meta name=\"twitter:data1\" content=\"1 minute\" \/>\n<script type=\"application\/ld+json\" class=\"yoast-schema-graph\">{\"@context\":\"https:\/\/schema.org\",\"@graph\":[{\"@type\":\"WebPage\",\"@id\":\"https:\/\/maventransport.com\/fr\/ressources\/\",\"url\":\"https:\/\/maventransport.com\/fr\/ressources\/\",\"name\":\"Ressources - Maven Transport Ltd.\",\"isPartOf\":{\"@id\":\"https:\/\/maventransport.com\/fr\/#website\"},\"datePublished\":\"2021-05-13T21:31:06+00:00\",\"dateModified\":\"2023-08-21T22:50:42+00:00\",\"description\":\"T\u00e9l\u00e9chargez des formulaires importants et obtenez des liens utiles pour comprendre ce qui se passe sur nos routes \u00e0 travers l'Am\u00e9rique du Nord.\",\"breadcrumb\":{\"@id\":\"https:\/\/maventransport.com\/fr\/ressources\/#breadcrumb\"},\"inLanguage\":\"fr-FR\",\"potentialAction\":[{\"@type\":\"ReadAction\",\"target\":[\"https:\/\/maventransport.com\/fr\/ressources\/\"]}]},{\"@type\":\"BreadcrumbList\",\"@id\":\"https:\/\/maventransport.com\/fr\/ressources\/#breadcrumb\",\"itemListElement\":[{\"@type\":\"ListItem\",\"position\":1,\"name\":\"Home\",\"item\":\"https:\/\/maventransport.com\/fr\/accueil\/\"},{\"@type\":\"ListItem\",\"position\":2,\"name\":\"Ressources\"}]},{\"@type\":\"WebSite\",\"@id\":\"https:\/\/maventransport.com\/fr\/#website\",\"url\":\"https:\/\/maventransport.com\/fr\/\",\"name\":\"Maven Transport Ltd.\",\"description\":\"\",\"publisher\":{\"@id\":\"https:\/\/maventransport.com\/fr\/#organization\"},\"potentialAction\":[{\"@type\":\"SearchAction\",\"target\":{\"@type\":\"EntryPoint\",\"urlTemplate\":\"https:\/\/maventransport.com\/fr\/?s={search_term_string}\"},\"query-input\":\"required name=search_term_string\"}],\"inLanguage\":\"fr-FR\"},{\"@type\":\"Organization\",\"@id\":\"https:\/\/maventransport.com\/fr\/#organization\",\"name\":\"Maven Transport Ltd.\",\"url\":\"https:\/\/maventransport.com\/fr\/\",\"logo\":{\"@type\":\"ImageObject\",\"inLanguage\":\"fr-FR\",\"@id\":\"https:\/\/maventransport.com\/fr\/#\/schema\/logo\/image\/\",\"url\":\"https:\/\/maventransport.com\/wp-content\/uploads\/2021\/05\/maven-transport-logo.png\",\"contentUrl\":\"https:\/\/maventransport.com\/wp-content\/uploads\/2021\/05\/maven-transport-logo.png\",\"width\":619,\"height\":539,\"caption\":\"Maven Transport Ltd.\"},\"image\":{\"@id\":\"https:\/\/maventransport.com\/fr\/#\/schema\/logo\/image\/\"}}]}<\/script>\n<!-- \/ Yoast SEO plugin. -->","yoast_head_json":{"title":"Ressources - Maven Transport Ltd.","description":"T\u00e9l\u00e9chargez des formulaires importants et obtenez des liens utiles pour comprendre ce qui se passe sur nos routes \u00e0 travers l'Am\u00e9rique du Nord.","robots":{"index":"index","follow":"follow","max-snippet":"max-snippet:-1","max-image-preview":"max-image-preview:large","max-video-preview":"max-video-preview:-1"},"canonical":"https:\/\/maventransport.com\/fr\/ressources\/","og_locale":"fr_FR","og_type":"article","og_title":"Ressources - Maven Transport Ltd.","og_description":"T\u00e9l\u00e9chargez des formulaires importants et obtenez des liens utiles pour comprendre ce qui se passe sur nos routes \u00e0 travers l'Am\u00e9rique du Nord.","og_url":"https:\/\/maventransport.com\/fr\/ressources\/","og_site_name":"Maven Transport Ltd.","article_modified_time":"2023-08-21T22:50:42+00:00","og_image":[{"url":"https:\/\/maventransport.com\/wp-content\/uploads\/2021\/05\/icon-form.png"}],"twitter_card":"summary_large_image","twitter_misc":{"Dur\u00e9e de lecture estim\u00e9e":"1 minute"},"schema":{"@context":"https:\/\/schema.org","@graph":[{"@type":"WebPage","@id":"https:\/\/maventransport.com\/fr\/ressources\/","url":"https:\/\/maventransport.com\/fr\/ressources\/","name":"Ressources - Maven Transport Ltd.","isPartOf":{"@id":"https:\/\/maventransport.com\/fr\/#website"},"datePublished":"2021-05-13T21:31:06+00:00","dateModified":"2023-08-21T22:50:42+00:00","description":"T\u00e9l\u00e9chargez des formulaires importants et obtenez des liens utiles pour comprendre ce qui se passe sur nos routes \u00e0 travers l'Am\u00e9rique du Nord.","breadcrumb":{"@id":"https:\/\/maventransport.com\/fr\/ressources\/#breadcrumb"},"inLanguage":"fr-FR","potentialAction":[{"@type":"ReadAction","target":["https:\/\/maventransport.com\/fr\/ressources\/"]}]},{"@type":"BreadcrumbList","@id":"https:\/\/maventransport.com\/fr\/ressources\/#breadcrumb","itemListElement":[{"@type":"ListItem","position":1,"name":"Home","item":"https:\/\/maventransport.com\/fr\/accueil\/"},{"@type":"ListItem","position":2,"name":"Ressources"}]},{"@type":"WebSite","@id":"https:\/\/maventransport.com\/fr\/#website","url":"https:\/\/maventransport.com\/fr\/","name":"Maven Transport Ltd.","description":"","publisher":{"@id":"https:\/\/maventransport.com\/fr\/#organization"},"potentialAction":[{"@type":"SearchAction","target":{"@type":"EntryPoint","urlTemplate":"https:\/\/maventransport.com\/fr\/?s={search_term_string}"},"query-input":"required name=search_term_string"}],"inLanguage":"fr-FR"},{"@type":"Organization","@id":"https:\/\/maventransport.com\/fr\/#organization","name":"Maven Transport Ltd.","url":"https:\/\/maventransport.com\/fr\/","logo":{"@type":"ImageObject","inLanguage":"fr-FR","@id":"https:\/\/maventransport.com\/fr\/#\/schema\/logo\/image\/","url":"https:\/\/maventransport.com\/wp-content\/uploads\/2021\/05\/maven-transport-logo.png","contentUrl":"https:\/\/maventransport.com\/wp-content\/uploads\/2021\/05\/maven-transport-logo.png","width":619,"height":539,"caption":"Maven Transport Ltd."},"image":{"@id":"https:\/\/maventransport.com\/fr\/#\/schema\/logo\/image\/"}}]}},"_links":{"self":[{"href":"https:\/\/maventransport.com\/fr\/wp-json\/wp\/v2\/pages\/1206","targetHints":{"allow":["GET"]}}],"collection":[{"href":"https:\/\/maventransport.com\/fr\/wp-json\/wp\/v2\/pages"}],"about":[{"href":"https:\/\/maventransport.com\/fr\/wp-json\/wp\/v2\/types\/page"}],"author":[{"embeddable":true,"href":"https:\/\/maventransport.com\/fr\/wp-json\/wp\/v2\/users\/1"}],"replies":[{"embeddable":true,"href":"https:\/\/maventransport.com\/fr\/wp-json\/wp\/v2\/comments?post=1206"}],"version-history":[{"count":14,"href":"https:\/\/maventransport.com\/fr\/wp-json\/wp\/v2\/pages\/1206\/revisions"}],"predecessor-version":[{"id":1544,"href":"https:\/\/maventransport.com\/fr\/wp-json\/wp\/v2\/pages\/1206\/revisions\/1544"}],"wp:attachment":[{"href":"https:\/\/maventransport.com\/fr\/wp-json\/wp\/v2\/media?parent=1206"}],"curies":[{"name":"wp","href":"https:\/\/api.w.org\/{rel}","templated":true}]}}