{"id":1195,"date":"2021-05-13T14:27:56","date_gmt":"2021-05-13T21:27:56","guid":{"rendered":"https:\/\/maventransport.com\/notre-histoire\/"},"modified":"2023-06-28T13:59:24","modified_gmt":"2023-06-28T20:59:24","slug":"notre-histoire","status":"publish","type":"page","link":"https:\/\/maventransport.com\/fr\/notre-histoire\/","title":{"rendered":"Notre histoire"},"content":{"rendered":"\t\t<div data-elementor-type=\"wp-page\" data-elementor-id=\"1195\" class=\"elementor elementor-1195 elementor-23\" data-elementor-post-type=\"page\">\n\t\t\t\t\t\t\t\t\t<section class=\"elementor-section elementor-top-section elementor-element elementor-element-1f15091 elementor-section-boxed elementor-section-height-default elementor-section-height-default\" data-id=\"1f15091\" data-element_type=\"section\">\n\t\t\t\t\t\t<div class=\"elementor-container elementor-column-gap-default\">\n\t\t\t\t\t<div class=\"elementor-column elementor-col-100 elementor-top-column elementor-element elementor-element-b7dc86d\" data-id=\"b7dc86d\" data-element_type=\"column\">\n\t\t\t<div class=\"elementor-widget-wrap elementor-element-populated\">\n\t\t\t\t\t\t\t\t<div class=\"elementor-element elementor-element-6c8fc18 elementor-widget elementor-widget-text-editor\" data-id=\"6c8fc18\" data-element_type=\"widget\" data-widget_type=\"text-editor.default\">\n\t\t\t\t<div class=\"elementor-widget-container\">\n\t\t\t\t\t\t\t<p>cornemuseur  [mey-vuh n]<br \/>quelqu&rsquo;un qui a de l&rsquo;exp\u00e9rience ou des connaissances, un expert<\/p>\n<p>[hebrew]  \\N- m\u0101-v\u0259n<br \/>un expert ou un connaisseur<\/p>\n<p>Un \u00ab\u00a0maven\u00a0\u00bb est une personne qui est un expert dans un domaine particulier.<\/p>\n<p>Origine du mot :<br \/>C20 : du yiddish, de l&rsquo;h\u00e9breu mevin comprendre<\/p>\n\t\t\t\t\t\t<\/div>\n\t\t\t\t<\/div>\n\t\t\t\t<div class=\"elementor-element elementor-element-96534a0 elementor-widget-divider--view-line elementor-widget elementor-widget-global elementor-global-1262 elementor-global-517 elementor-widget-divider\" data-id=\"96534a0\" data-element_type=\"widget\" data-widget_type=\"divider.default\">\n\t\t\t\t<div class=\"elementor-widget-container\">\n\t\t\t\t\t<div class=\"elementor-divider\">\n\t\t\t<span class=\"elementor-divider-separator\">\n\t\t\t\t\t\t<\/span>\n\t\t<\/div>\n\t\t\t\t<\/div>\n\t\t\t\t<\/div>\n\t\t\t\t<div class=\"elementor-element elementor-element-a7a896f elementor-widget elementor-widget-heading\" data-id=\"a7a896f\" data-element_type=\"widget\" data-widget_type=\"heading.default\">\n\t\t\t\t<div class=\"elementor-widget-container\">\n\t\t\t<h2 class=\"elementor-heading-title elementor-size-default\">Notre histoire<\/h2>\t\t<\/div>\n\t\t\t\t<\/div>\n\t\t\t\t<div class=\"elementor-element elementor-element-cf214df elementor-widget elementor-widget-text-editor\" data-id=\"cf214df\" data-element_type=\"widget\" data-widget_type=\"text-editor.default\">\n\t\t\t\t<div class=\"elementor-widget-container\">\n\t\t\t\t\t\t\t<p>Maven Transport Ltd. est une soci\u00e9t\u00e9 de transport fond\u00e9e en 2009. Ayant commenc\u00e9 avec un camion et une remorque pendant la Grande R\u00e9cession, Maven Transport Ltd. a pu agrandir sa flotte pour r\u00e9pondre \u00e0 tous les types de besoins en mati\u00e8re de transport et de logistique. Gr\u00e2ce au travail acharn\u00e9 de nos chauffeurs, de notre personnel et de nos propri\u00e9taires, nous nous sommes d\u00e9velopp\u00e9s pour offrir davantage de services.<\/p>\n<p>Maven Transport Ltd. a \u00e9t\u00e9 cr\u00e9\u00e9 avec un objectif fondamental : fournir un service de qualit\u00e9 pour assurer la satisfaction du client. Nous travaillons d&rsquo;arrache-pied avec nos clients pour leur fournir des solutions logistiques qui leur permettent d&rsquo;\u00e9conomiser du temps et de l&rsquo;argent.<\/p>\n\t\t\t\t\t\t<\/div>\n\t\t\t\t<\/div>\n\t\t\t\t<div class=\"elementor-element elementor-element-64178d8 elementor-widget-divider--view-line elementor-widget elementor-widget-global elementor-global-1262 elementor-global-517 elementor-widget-divider\" data-id=\"64178d8\" data-element_type=\"widget\" data-widget_type=\"divider.default\">\n\t\t\t\t<div class=\"elementor-widget-container\">\n\t\t\t\t\t<div class=\"elementor-divider\">\n\t\t\t<span class=\"elementor-divider-separator\">\n\t\t\t\t\t\t<\/span>\n\t\t<\/div>\n\t\t\t\t<\/div>\n\t\t\t\t<\/div>\n\t\t\t\t<div class=\"elementor-element elementor-element-69d5e27 elementor-widget elementor-widget-heading\" data-id=\"69d5e27\" data-element_type=\"widget\" data-widget_type=\"heading.default\">\n\t\t\t\t<div class=\"elementor-widget-container\">\n\t\t\t<h2 class=\"elementor-heading-title elementor-size-default\">Notre mission<\/h2>\t\t<\/div>\n\t\t\t\t<\/div>\n\t\t\t\t<div class=\"elementor-element elementor-element-fb62bf2 elementor-widget elementor-widget-text-editor\" data-id=\"fb62bf2\" data-element_type=\"widget\" data-widget_type=\"text-editor.default\">\n\t\t\t\t<div class=\"elementor-widget-container\">\n\t\t\t\t\t\t\t<p>Nous voyons quels sont les besoins de nos clients. Tout ce que nous faisons, nous le faisons en pla\u00e7ant les besoins du client en t\u00eate de nos priorit\u00e9s. Nous promettons une transparence totale de nos op\u00e9rations et des solutions personnalis\u00e9es pour livrer votre fret en toute s\u00e9curit\u00e9 et dans les d\u00e9lais. Maven Transport Ltd. s&rsquo;engage \u00e0 fournir les normes de service les plus \u00e9lev\u00e9es tout en d\u00e9passant les attentes de ses clients, offrant ainsi une valeur collat\u00e9rale importante pour les deux parties. Nous ne nous contentons pas de fournir un service rentable et ponctuel, nous nous assurons \u00e9galement que le fret de nos clients est livr\u00e9 en toute s\u00e9curit\u00e9 et \u00e0 temps. Tous nos clients re\u00e7oivent des mises \u00e0 jour quotidiennes par courrier \u00e9lectronique ou par t\u00e9l\u00e9phone. Dans l&rsquo;\u00e9conomie actuelle, il est essentiel de reconna\u00eetre les besoins de nos clients afin de leur fournir des prix comp\u00e9titifs et une solution d&rsquo;exp\u00e9dition sens\u00e9e. C&rsquo;est ce que fait le personnel comp\u00e9tent de Maven Transport. Nous sommes une entreprise familiale cr\u00e9\u00e9e en 2009. En commen\u00e7ant avec un seul camion, nous avons rapidement constat\u00e9 la forte demande de nos clients pour un service de qualit\u00e9, ce qui nous a permis de d\u00e9velopper la flotte de l&rsquo;entreprise.<\/p>\n\t\t\t\t\t\t<\/div>\n\t\t\t\t<\/div>\n\t\t\t\t\t<\/div>\n\t\t<\/div>\n\t\t\t\t\t\t\t<\/div>\n\t\t<\/section>\n\t\t\t\t<section class=\"elementor-section elementor-top-section elementor-element elementor-element-2b62ef3 elementor-section-boxed elementor-section-height-default elementor-section-height-default\" data-id=\"2b62ef3\" data-element_type=\"section\">\n\t\t\t\t\t\t<div class=\"elementor-container elementor-column-gap-default\">\n\t\t\t\t\t<div class=\"elementor-column elementor-col-100 elementor-top-column elementor-element elementor-element-03f0db5\" data-id=\"03f0db5\" data-element_type=\"column\">\n\t\t\t<div class=\"elementor-widget-wrap elementor-element-populated\">\n\t\t\t\t\t\t\t\t<div class=\"elementor-element elementor-element-f8a5b5a elementor-invisible elementor-widget elementor-widget-image\" data-id=\"f8a5b5a\" data-element_type=\"widget\" data-settings=\"{&quot;_animation&quot;:&quot;fadeInLeft&quot;,&quot;_animation_delay&quot;:500}\" data-widget_type=\"image.default\">\n\t\t\t\t<div class=\"elementor-widget-container\">\n\t\t\t\t\t\t\t\t\t\t\t\t\t\t\t<img loading=\"lazy\" decoding=\"async\" width=\"1024\" height=\"768\" src=\"https:\/\/maventransport.com\/wp-content\/uploads\/2021\/10\/2.jpg\" class=\"attachment-full size-full wp-image-882\" alt=\"\" srcset=\"https:\/\/maventransport.com\/wp-content\/uploads\/2021\/10\/2.jpg 1024w, https:\/\/maventransport.com\/wp-content\/uploads\/2021\/10\/2-300x225.jpg 300w, https:\/\/maventransport.com\/wp-content\/uploads\/2021\/10\/2-768x576.jpg 768w\" sizes=\"auto, (max-width: 1024px) 100vw, 1024px\" \/>\t\t\t\t\t\t\t\t\t\t\t\t\t\t\t<\/div>\n\t\t\t\t<\/div>\n\t\t\t\t\t<\/div>\n\t\t<\/div>\n\t\t\t\t\t\t\t<\/div>\n\t\t<\/section>\n\t\t\t\t<section class=\"elementor-section elementor-top-section elementor-element elementor-element-623c6db elementor-section-boxed elementor-section-height-default elementor-section-height-default\" data-id=\"623c6db\" data-element_type=\"section\">\n\t\t\t\t\t\t<div class=\"elementor-container elementor-column-gap-default\">\n\t\t\t\t\t<div class=\"elementor-column elementor-col-100 elementor-top-column elementor-element elementor-element-1c47c93\" data-id=\"1c47c93\" data-element_type=\"column\">\n\t\t\t<div class=\"elementor-widget-wrap elementor-element-populated\">\n\t\t\t\t\t\t\t\t<div class=\"elementor-element elementor-element-0b092d1 elementor-widget elementor-widget-heading\" data-id=\"0b092d1\" data-element_type=\"widget\" data-widget_type=\"heading.default\">\n\t\t\t\t<div class=\"elementor-widget-container\">\n\t\t\t<h2 class=\"elementor-heading-title elementor-size-default\">Notre \u00e9quipe<\/h2>\t\t<\/div>\n\t\t\t\t<\/div>\n\t\t\t\t<div class=\"elementor-element elementor-element-fcf1298 elementor-widget elementor-widget-text-editor\" data-id=\"fcf1298\" data-element_type=\"widget\" data-widget_type=\"text-editor.default\">\n\t\t\t\t<div class=\"elementor-widget-container\">\n\t\t\t\t\t\t\t<p>\u00ab\u00a0Chez Maven, nous sommes un groupe soud\u00e9 de personnes de bonne nature qui aiment travailler dur et rendre notre environnement aussi agr\u00e9able que possible. L&rsquo;alchimie et la culture de notre \u00e9quipe nous permettent de nous exprimer de mani\u00e8re coh\u00e9rente afin d&rsquo;accomplir le travail au mieux de nos capacit\u00e9s, et l&rsquo;opinion de chacun est entendue. Sous la houlette des v\u00e9t\u00e9rans de la famille qui ont cr\u00e9\u00e9 l&rsquo;entreprise, ils se sont efforc\u00e9s de faire de Maven un lieu de travail positif et de fournir la formation et les outils n\u00e9cessaires \u00e0 la r\u00e9ussite de chacun.<\/p>\n\t\t\t\t\t\t<\/div>\n\t\t\t\t<\/div>\n\t\t\t\t\t<\/div>\n\t\t<\/div>\n\t\t\t\t\t\t\t<\/div>\n\t\t<\/section>\n\t\t\t\t<section class=\"elementor-section elementor-top-section elementor-element elementor-element-6abc0f3 elementor-section-height-min-height elementor-section-stretched elementor-section-boxed elementor-section-height-default elementor-section-items-middle\" data-id=\"6abc0f3\" data-element_type=\"section\" data-settings=\"{&quot;stretch_section&quot;:&quot;section-stretched&quot;,&quot;background_background&quot;:&quot;classic&quot;}\">\n\t\t\t\t\t\t\t<div class=\"elementor-background-overlay\"><\/div>\n\t\t\t\t\t\t\t<div class=\"elementor-container elementor-column-gap-default\">\n\t\t\t\t\t<div class=\"elementor-column elementor-col-100 elementor-top-column elementor-element elementor-element-5c93c66\" data-id=\"5c93c66\" data-element_type=\"column\">\n\t\t\t<div class=\"elementor-widget-wrap elementor-element-populated\">\n\t\t\t\t\t\t\t\t<div class=\"elementor-element elementor-element-7db4b86 elementor-widget elementor-widget-heading\" data-id=\"7db4b86\" data-element_type=\"widget\" data-widget_type=\"heading.default\">\n\t\t\t\t<div class=\"elementor-widget-container\">\n\t\t\t<h2 class=\"elementor-heading-title elementor-size-default\">Conduire avec nous<\/h2>\t\t<\/div>\n\t\t\t\t<\/div>\n\t\t\t\t<div class=\"elementor-element elementor-element-e181c3b elementor-align-center elementor-widget elementor-widget-global elementor-global-1276 elementor-global-308 elementor-widget-button\" data-id=\"e181c3b\" data-element_type=\"widget\" data-widget_type=\"button.default\">\n\t\t\t\t<div class=\"elementor-widget-container\">\n\t\t\t\t\t<div class=\"elementor-button-wrapper\">\n\t\t\t<a class=\"elementor-button elementor-button-link elementor-size-md elementor-animation-grow\" href=\"https:\/\/maventransport.com\/fr\/carrieres\/\">\n\t\t\t\t\t\t<span class=\"elementor-button-content-wrapper\">\n\t\t\t\t\t\t<span class=\"elementor-button-text\">Voir les carri\u00e8res<\/span>\n\t\t<\/span>\n\t\t\t\t\t<\/a>\n\t\t<\/div>\n\t\t\t\t<\/div>\n\t\t\t\t<\/div>\n\t\t\t\t\t<\/div>\n\t\t<\/div>\n\t\t\t\t\t\t\t<\/div>\n\t\t<\/section>\n\t\t\t\t\t\t\t<\/div>\n\t\t","protected":false},"excerpt":{"rendered":"<p>cornemuseur [mey-vuh n]quelqu&rsquo;un qui a de l&rsquo;exp\u00e9rience ou des connaissances, un expert [hebrew] N- m\u0101-v\u0259nun expert ou un connaisseur Un \u00ab\u00a0maven\u00a0\u00bb est une personne qui est un expert dans un domaine particulier. Origine du mot :C20 : du yiddish, de l&rsquo;h\u00e9breu mevin comprendre Notre histoire Maven Transport Ltd. est une soci\u00e9t\u00e9 de transport fond\u00e9e en [&hellip;]<\/p>\n","protected":false},"author":1,"featured_media":1168,"parent":0,"menu_order":0,"comment_status":"closed","ping_status":"closed","template":"","meta":{"footnotes":""},"class_list":["post-1195","page","type-page","status-publish","has-post-thumbnail","hentry"],"acf":[],"yoast_head":"<!-- This site is optimized with the Yoast SEO plugin v21.2 - https:\/\/yoast.com\/wordpress\/plugins\/seo\/ -->\n<title>Notre histoire - Maven Transport Ltd.<\/title>\n<meta name=\"description\" content=\"Maven Transport Ltd. est une entreprise familiale de transport bas\u00e9e sur les actifs. Fond\u00e9e en 2009. Pour en savoir plus, cliquez ici.\" \/>\n<meta name=\"robots\" content=\"index, follow, max-snippet:-1, max-image-preview:large, max-video-preview:-1\" \/>\n<link rel=\"canonical\" href=\"https:\/\/maventransport.com\/fr\/notre-histoire\/\" \/>\n<meta property=\"og:locale\" content=\"fr_FR\" \/>\n<meta property=\"og:type\" content=\"article\" \/>\n<meta property=\"og:title\" content=\"Notre histoire - Maven Transport Ltd.\" \/>\n<meta property=\"og:description\" content=\"Maven Transport Ltd. est une entreprise familiale de transport bas\u00e9e sur les actifs. Fond\u00e9e en 2009. Pour en savoir plus, cliquez ici.\" \/>\n<meta property=\"og:url\" content=\"https:\/\/maventransport.com\/fr\/notre-histoire\/\" \/>\n<meta property=\"og:site_name\" content=\"Maven Transport Ltd.\" \/>\n<meta property=\"article:modified_time\" content=\"2023-06-28T20:59:24+00:00\" \/>\n<meta property=\"og:image\" content=\"https:\/\/maventransport.com\/wp-content\/uploads\/2021\/08\/maven-truck-yellow-black.jpg\" \/>\n\t<meta property=\"og:image:width\" content=\"1200\" \/>\n\t<meta property=\"og:image:height\" content=\"675\" \/>\n\t<meta property=\"og:image:type\" content=\"image\/jpeg\" \/>\n<meta name=\"twitter:card\" content=\"summary_large_image\" \/>\n<meta name=\"twitter:label1\" content=\"Dur\u00e9e de lecture estim\u00e9e\" \/>\n\t<meta name=\"twitter:data1\" content=\"3 minutes\" \/>\n<script type=\"application\/ld+json\" class=\"yoast-schema-graph\">{\"@context\":\"https:\/\/schema.org\",\"@graph\":[{\"@type\":\"WebPage\",\"@id\":\"https:\/\/maventransport.com\/fr\/notre-histoire\/\",\"url\":\"https:\/\/maventransport.com\/fr\/notre-histoire\/\",\"name\":\"Notre histoire - Maven Transport Ltd.\",\"isPartOf\":{\"@id\":\"https:\/\/maventransport.com\/fr\/#website\"},\"datePublished\":\"2021-05-13T21:27:56+00:00\",\"dateModified\":\"2023-06-28T20:59:24+00:00\",\"description\":\"Maven Transport Ltd. est une entreprise familiale de transport bas\u00e9e sur les actifs. Fond\u00e9e en 2009. Pour en savoir plus, cliquez ici.\",\"breadcrumb\":{\"@id\":\"https:\/\/maventransport.com\/fr\/notre-histoire\/#breadcrumb\"},\"inLanguage\":\"fr-FR\",\"potentialAction\":[{\"@type\":\"ReadAction\",\"target\":[\"https:\/\/maventransport.com\/fr\/notre-histoire\/\"]}]},{\"@type\":\"BreadcrumbList\",\"@id\":\"https:\/\/maventransport.com\/fr\/notre-histoire\/#breadcrumb\",\"itemListElement\":[{\"@type\":\"ListItem\",\"position\":1,\"name\":\"Home\",\"item\":\"https:\/\/maventransport.com\/fr\/accueil\/\"},{\"@type\":\"ListItem\",\"position\":2,\"name\":\"Notre histoire\"}]},{\"@type\":\"WebSite\",\"@id\":\"https:\/\/maventransport.com\/fr\/#website\",\"url\":\"https:\/\/maventransport.com\/fr\/\",\"name\":\"Maven Transport Ltd.\",\"description\":\"\",\"publisher\":{\"@id\":\"https:\/\/maventransport.com\/fr\/#organization\"},\"potentialAction\":[{\"@type\":\"SearchAction\",\"target\":{\"@type\":\"EntryPoint\",\"urlTemplate\":\"https:\/\/maventransport.com\/fr\/?s={search_term_string}\"},\"query-input\":\"required name=search_term_string\"}],\"inLanguage\":\"fr-FR\"},{\"@type\":\"Organization\",\"@id\":\"https:\/\/maventransport.com\/fr\/#organization\",\"name\":\"Maven Transport Ltd.\",\"url\":\"https:\/\/maventransport.com\/fr\/\",\"logo\":{\"@type\":\"ImageObject\",\"inLanguage\":\"fr-FR\",\"@id\":\"https:\/\/maventransport.com\/fr\/#\/schema\/logo\/image\/\",\"url\":\"https:\/\/maventransport.com\/wp-content\/uploads\/2021\/05\/maven-transport-logo.png\",\"contentUrl\":\"https:\/\/maventransport.com\/wp-content\/uploads\/2021\/05\/maven-transport-logo.png\",\"width\":619,\"height\":539,\"caption\":\"Maven Transport Ltd.\"},\"image\":{\"@id\":\"https:\/\/maventransport.com\/fr\/#\/schema\/logo\/image\/\"}}]}<\/script>\n<!-- \/ Yoast SEO plugin. -->","yoast_head_json":{"title":"Notre histoire - Maven Transport Ltd.","description":"Maven Transport Ltd. est une entreprise familiale de transport bas\u00e9e sur les actifs. Fond\u00e9e en 2009. Pour en savoir plus, cliquez ici.","robots":{"index":"index","follow":"follow","max-snippet":"max-snippet:-1","max-image-preview":"max-image-preview:large","max-video-preview":"max-video-preview:-1"},"canonical":"https:\/\/maventransport.com\/fr\/notre-histoire\/","og_locale":"fr_FR","og_type":"article","og_title":"Notre histoire - Maven Transport Ltd.","og_description":"Maven Transport Ltd. est une entreprise familiale de transport bas\u00e9e sur les actifs. Fond\u00e9e en 2009. Pour en savoir plus, cliquez ici.","og_url":"https:\/\/maventransport.com\/fr\/notre-histoire\/","og_site_name":"Maven Transport Ltd.","article_modified_time":"2023-06-28T20:59:24+00:00","og_image":[{"width":1200,"height":675,"url":"https:\/\/maventransport.com\/wp-content\/uploads\/2021\/08\/maven-truck-yellow-black.jpg","type":"image\/jpeg"}],"twitter_card":"summary_large_image","twitter_misc":{"Dur\u00e9e de lecture estim\u00e9e":"3 minutes"},"schema":{"@context":"https:\/\/schema.org","@graph":[{"@type":"WebPage","@id":"https:\/\/maventransport.com\/fr\/notre-histoire\/","url":"https:\/\/maventransport.com\/fr\/notre-histoire\/","name":"Notre histoire - Maven Transport Ltd.","isPartOf":{"@id":"https:\/\/maventransport.com\/fr\/#website"},"datePublished":"2021-05-13T21:27:56+00:00","dateModified":"2023-06-28T20:59:24+00:00","description":"Maven Transport Ltd. est une entreprise familiale de transport bas\u00e9e sur les actifs. Fond\u00e9e en 2009. Pour en savoir plus, cliquez ici.","breadcrumb":{"@id":"https:\/\/maventransport.com\/fr\/notre-histoire\/#breadcrumb"},"inLanguage":"fr-FR","potentialAction":[{"@type":"ReadAction","target":["https:\/\/maventransport.com\/fr\/notre-histoire\/"]}]},{"@type":"BreadcrumbList","@id":"https:\/\/maventransport.com\/fr\/notre-histoire\/#breadcrumb","itemListElement":[{"@type":"ListItem","position":1,"name":"Home","item":"https:\/\/maventransport.com\/fr\/accueil\/"},{"@type":"ListItem","position":2,"name":"Notre histoire"}]},{"@type":"WebSite","@id":"https:\/\/maventransport.com\/fr\/#website","url":"https:\/\/maventransport.com\/fr\/","name":"Maven Transport Ltd.","description":"","publisher":{"@id":"https:\/\/maventransport.com\/fr\/#organization"},"potentialAction":[{"@type":"SearchAction","target":{"@type":"EntryPoint","urlTemplate":"https:\/\/maventransport.com\/fr\/?s={search_term_string}"},"query-input":"required name=search_term_string"}],"inLanguage":"fr-FR"},{"@type":"Organization","@id":"https:\/\/maventransport.com\/fr\/#organization","name":"Maven Transport Ltd.","url":"https:\/\/maventransport.com\/fr\/","logo":{"@type":"ImageObject","inLanguage":"fr-FR","@id":"https:\/\/maventransport.com\/fr\/#\/schema\/logo\/image\/","url":"https:\/\/maventransport.com\/wp-content\/uploads\/2021\/05\/maven-transport-logo.png","contentUrl":"https:\/\/maventransport.com\/wp-content\/uploads\/2021\/05\/maven-transport-logo.png","width":619,"height":539,"caption":"Maven Transport Ltd."},"image":{"@id":"https:\/\/maventransport.com\/fr\/#\/schema\/logo\/image\/"}}]}},"_links":{"self":[{"href":"https:\/\/maventransport.com\/fr\/wp-json\/wp\/v2\/pages\/1195","targetHints":{"allow":["GET"]}}],"collection":[{"href":"https:\/\/maventransport.com\/fr\/wp-json\/wp\/v2\/pages"}],"about":[{"href":"https:\/\/maventransport.com\/fr\/wp-json\/wp\/v2\/types\/page"}],"author":[{"embeddable":true,"href":"https:\/\/maventransport.com\/fr\/wp-json\/wp\/v2\/users\/1"}],"replies":[{"embeddable":true,"href":"https:\/\/maventransport.com\/fr\/wp-json\/wp\/v2\/comments?post=1195"}],"version-history":[{"count":13,"href":"https:\/\/maventransport.com\/fr\/wp-json\/wp\/v2\/pages\/1195\/revisions"}],"predecessor-version":[{"id":1417,"href":"https:\/\/maventransport.com\/fr\/wp-json\/wp\/v2\/pages\/1195\/revisions\/1417"}],"wp:featuredmedia":[{"embeddable":true,"href":"https:\/\/maventransport.com\/fr\/wp-json\/wp\/v2\/media\/1168"}],"wp:attachment":[{"href":"https:\/\/maventransport.com\/fr\/wp-json\/wp\/v2\/media?parent=1195"}],"curies":[{"name":"wp","href":"https:\/\/api.w.org\/{rel}","templated":true}]}}